{"id":10262,"date":"2022-11-03T18:09:59","date_gmt":"2022-11-03T18:09:59","guid":{"rendered":"https:\/\/lifebookmemoir.wpengine.com\/memoirs-for-ex-military-personnel-copy\/"},"modified":"2023-03-01T11:47:35","modified_gmt":"2023-03-01T11:47:35","slug":"lifebook-minibus-helping-in-ukraine","status":"publish","type":"page","link":"https:\/\/www.lifebookmemoirs.com\/en-gb\/lifebook-minibus-helping-in-ukraine\/","title":{"rendered":"LifeBook Minibus Helping in Ukraine"},"content":{"rendered":"\t\t<div data-elementor-type=\"wp-page\" data-elementor-id=\"10262\" class=\"elementor elementor-10262\" data-elementor-post-type=\"page\">\n\t\t\t\t\t\t<section class=\"elementor-section elementor-top-section elementor-element elementor-element-d25eeca elementor-section-boxed elementor-section-height-default elementor-section-height-default\" data-id=\"d25eeca\" data-element_type=\"section\">\n\t\t\t\t\t\t<div class=\"elementor-container elementor-column-gap-default\">\n\t\t\t\t\t<div class=\"elementor-column elementor-col-100 elementor-top-column elementor-element elementor-element-8eab86b\" data-id=\"8eab86b\" data-element_type=\"column\">\n\t\t\t<div class=\"elementor-widget-wrap elementor-element-populated\">\n\t\t\t\t\t\t<div class=\"elementor-element elementor-element-4353031 elementor-widget elementor-widget-heading\" data-id=\"4353031\" data-element_type=\"widget\" data-widget_type=\"heading.default\">\n\t\t\t\t<div class=\"elementor-widget-container\">\n\t\t\t\t\t<h1 class=\"elementor-heading-title elementor-size-default\">LifeBook Minibus Helping in Ukraine<\/h1>\t\t\t\t<\/div>\n\t\t\t\t<\/div>\n\t\t\t\t\t<\/div>\n\t\t<\/div>\n\t\t\t\t\t<\/div>\n\t\t<\/section>\n\t\t\t\t<section class=\"elementor-section elementor-top-section elementor-element elementor-element-f6ac9f4 elementor-section-boxed elementor-section-height-default elementor-section-height-default\" data-id=\"f6ac9f4\" data-element_type=\"section\">\n\t\t\t\t\t\t<div class=\"elementor-container elementor-column-gap-default\">\n\t\t\t\t\t<div class=\"elementor-column elementor-col-100 elementor-top-column elementor-element elementor-element-73e2f2d\" data-id=\"73e2f2d\" data-element_type=\"column\">\n\t\t\t<div class=\"elementor-widget-wrap elementor-element-populated\">\n\t\t\t\t\t\t<div class=\"elementor-element elementor-element-2f5a724 elementor-widget elementor-widget-spacer\" data-id=\"2f5a724\" data-element_type=\"widget\" data-widget_type=\"spacer.default\">\n\t\t\t\t<div class=\"elementor-widget-container\">\n\t\t\t\t\t\t\t<div class=\"elementor-spacer\">\n\t\t\t<div class=\"elementor-spacer-inner\"><\/div>\n\t\t<\/div>\n\t\t\t\t\t\t<\/div>\n\t\t\t\t<\/div>\n\t\t\t\t<div class=\"elementor-element elementor-element-21a4d3b elementor-widget elementor-widget-text-editor\" data-id=\"21a4d3b\" data-element_type=\"widget\" data-widget_type=\"text-editor.default\">\n\t\t\t\t<div class=\"elementor-widget-container\">\n\t\t\t\t\t\t\t\t\t<p>In March 2022, LifeBook sent a minibus to the Polish\/Ukrainian border to deliver supplies and evacuate refugees. In this article, senior editor Steve Edwards describes some of the challenges we encountered and the people we met along the way.<\/p><p>\u00a0<\/p>\t\t\t\t\t\t\t\t<\/div>\n\t\t\t\t<\/div>\n\t\t\t\t\t<\/div>\n\t\t<\/div>\n\t\t\t\t\t<\/div>\n\t\t<\/section>\n\t\t\t\t<section class=\"elementor-section elementor-top-section elementor-element elementor-element-a1b7e5e elementor-section-boxed elementor-section-height-default elementor-section-height-default\" data-id=\"a1b7e5e\" data-element_type=\"section\">\n\t\t\t\t\t\t<div class=\"elementor-container elementor-column-gap-default\">\n\t\t\t\t\t<div class=\"elementor-column elementor-col-100 elementor-top-column elementor-element elementor-element-b77380a\" data-id=\"b77380a\" data-element_type=\"column\">\n\t\t\t<div class=\"elementor-widget-wrap elementor-element-populated\">\n\t\t\t\t\t\t<div class=\"elementor-element elementor-element-7d852a3 elementor-widget elementor-widget-image\" data-id=\"7d852a3\" data-element_type=\"widget\" data-widget_type=\"image.default\">\n\t\t\t\t<div class=\"elementor-widget-container\">\n\t\t\t\t\t\t\t\t\t\t\t\t\t\t\t<img fetchpriority=\"high\" decoding=\"async\" width=\"640\" height=\"360\" src=\"https:\/\/www.lifebookmemoirs.com\/wp-content\/uploads\/2022\/11\/LB-Minibus-in-Ukraine.png\" class=\"attachment-2048x2048 size-2048x2048 wp-image-10266\" alt=\"\" srcset=\"https:\/\/www.lifebookmemoirs.com\/wp-content\/uploads\/2022\/11\/LB-Minibus-in-Ukraine.png 640w, https:\/\/www.lifebookmemoirs.com\/wp-content\/uploads\/2022\/11\/LB-Minibus-in-Ukraine-300x169.png 300w\" sizes=\"(max-width: 640px) 100vw, 640px\" \/>\t\t\t\t\t\t\t\t\t\t\t\t\t\t\t<\/div>\n\t\t\t\t<\/div>\n\t\t\t\t\t<\/div>\n\t\t<\/div>\n\t\t\t\t\t<\/div>\n\t\t<\/section>\n\t\t\t\t<section class=\"elementor-section elementor-top-section elementor-element elementor-element-a4f6136 elementor-section-boxed elementor-section-height-default elementor-section-height-default\" data-id=\"a4f6136\" data-element_type=\"section\">\n\t\t\t\t\t\t<div class=\"elementor-container elementor-column-gap-default\">\n\t\t\t\t\t<div class=\"elementor-column elementor-col-100 elementor-top-column elementor-element elementor-element-5b262cb\" data-id=\"5b262cb\" data-element_type=\"column\">\n\t\t\t<div class=\"elementor-widget-wrap elementor-element-populated\">\n\t\t\t\t\t\t<div class=\"elementor-element elementor-element-a9858a0 elementor-widget elementor-widget-text-editor\" data-id=\"a9858a0\" data-element_type=\"widget\" data-widget_type=\"text-editor.default\">\n\t\t\t\t<div class=\"elementor-widget-container\">\n\t\t\t\t\t\t\t\t\t<p>Back in February, the world watched aghast as Russia began its \u2018special military operation\u2019. As its military machine rolled over Ukraine\u2019s eastern border and ever onward, it triggered a westward exodus of people from their homeland. The conflict escalated, claiming lives, splitting families and destroying infrastructure, and the exodus became the largest European refugee crisis since the Second World War. Millions fled in search of safety and protection, and the scale of the resulting humanitarian crisis was huge.<\/p><p>Moved by the scenes unfolding in news reports, people around the word felt an instinctive, visceral urge to help. Some gave money; others donated labour, time or ingenuity. Amongst them were little platoons and small armies of white vans that set off on mercy missions, loaded to their roof racks with donations.<\/p><p>LifeBook felt the same stirring to act, but time was on no-one\u2019s side: people were fleeing at the fastest rate seen in Europe this century. In a matter of hours, however, our sales manager, Tessa Marshall, had sourced a white 15-seater minibus and hatched plans to drive it to Ukraine.<\/p><p>Somewhat alarmingly, the bus decided to break down as it left the sales forecourt. Mild panic ensued until Tessa happened upon a blue school minibus for sale. Deal done, our little blue bus was soon ready to take up the challenge.<\/p><p>Our primary aim was simply to get the van to Ukraine and drive people to safety. There was a rationale behind this. When people just turn up with vehicles full of clothes, food and toys, it presents a certain challenge. Clothes can end up sitting in the rain and food goes to waste because there\u2019s rarely an infrastructure in place to sort and distribute it. Much better, LifeBook felt, to get there and help with the evacuation than to complicate the work of aid agencies.<\/p><p>Fate, however, and the kindness of strangers, had other ideas.<\/p><p>Firstly, people <em>really <\/em>wanted to donate, and they reached out to Tessa with supplies and money. As the little blue bus filled up, we decided to accept contributions that we knew would be of use. In no time, we had everything from shortbread, jerry cans and gazebos to snow shovels and Imodium!<\/p>\t\t\t\t\t\t\t\t<\/div>\n\t\t\t\t<\/div>\n\t\t\t\t\t<\/div>\n\t\t<\/div>\n\t\t\t\t\t<\/div>\n\t\t<\/section>\n\t\t\t\t<section class=\"elementor-section elementor-top-section elementor-element elementor-element-d421b7b elementor-section-content-middle elementor-section-boxed elementor-section-height-default elementor-section-height-default\" data-id=\"d421b7b\" data-element_type=\"section\">\n\t\t\t\t\t\t<div class=\"elementor-container elementor-column-gap-default\">\n\t\t\t\t\t<div class=\"elementor-column elementor-col-50 elementor-top-column elementor-element elementor-element-48b2a90\" data-id=\"48b2a90\" data-element_type=\"column\">\n\t\t\t<div class=\"elementor-widget-wrap elementor-element-populated\">\n\t\t\t\t\t\t<div class=\"elementor-element elementor-element-b4aa485 elementor-widget elementor-widget-image\" data-id=\"b4aa485\" data-element_type=\"widget\" data-widget_type=\"image.default\">\n\t\t\t\t<div class=\"elementor-widget-container\">\n\t\t\t\t\t\t\t\t\t\t\t\t\t\t\t<img decoding=\"async\" width=\"429\" height=\"931\" src=\"https:\/\/www.lifebookmemoirs.com\/wp-content\/uploads\/2022\/11\/LB-Minibus-Supplies-being-unloaded.jpg\" class=\"attachment-large size-large wp-image-10267\" alt=\"\" srcset=\"https:\/\/www.lifebookmemoirs.com\/wp-content\/uploads\/2022\/11\/LB-Minibus-Supplies-being-unloaded.jpg 429w, https:\/\/www.lifebookmemoirs.com\/wp-content\/uploads\/2022\/11\/LB-Minibus-Supplies-being-unloaded-138x300.jpg 138w\" sizes=\"(max-width: 429px) 100vw, 429px\" \/>\t\t\t\t\t\t\t\t\t\t\t\t\t\t\t<\/div>\n\t\t\t\t<\/div>\n\t\t\t\t\t<\/div>\n\t\t<\/div>\n\t\t\t\t<div class=\"elementor-column elementor-col-50 elementor-top-column elementor-element elementor-element-38a300b\" data-id=\"38a300b\" data-element_type=\"column\">\n\t\t\t<div class=\"elementor-widget-wrap elementor-element-populated\">\n\t\t\t\t\t\t<div class=\"elementor-element elementor-element-70bc86e elementor-widget elementor-widget-text-editor\" data-id=\"70bc86e\" data-element_type=\"widget\" data-widget_type=\"text-editor.default\">\n\t\t\t\t<div class=\"elementor-widget-container\">\n\t\t\t\t\t\t\t\t\t<p>Automotive optimism was dashed again when the bus broke down less than 20 minutes after leaving to catch the ferry and had to be nursed to a garage. Kindly mechanics worked, free of charge, through the night to replace the gearbox until it was ready for the six-day drive that lay ahead.<\/p><p>Two drivers tag-teamed it at the wheel to drive the bus to Newhaven and on through France, Germany and Poland to Hrebenne, on the Ukrainian border. With assistance from a network of friends and colleagues, the bus was able to deliver its supplies and begin the work of getting refugees out of harm\u2019s way. As waypoints and requests for help arrived via WhatsApp, the bus would depart to take Ukrainian women and children to refuges far from their troubled homeland.<\/p><p>More people needed help, of course, than the little blue bus could ever have carried, but, over 5 days, it travelled 6,200 kilometres and moved 32 people (including 2 babies) and 1 dog to safety. Some had come from as far away as Kharkiv in northeastern Ukraine. One boy had spent weeks hiding in shelters after his apartment was shelled, and 13 people were blind as well as homeless. All carried wheely bags, laundry bags and backpacks, and what those bags contained was as much as the refugees still owned.<\/p><p>It was a humbling experience for LifeBook to be able to help, but not always an easy one. The drives between the Polish towns of Hrebenne, Krak\u00f3w and \u0141\u00f3d\u017a, and Pforzheim, in Germany, were long and again marred by mechanical breakdown. As before, however, the kindness of strangers showed itself as passers-by and friendly mechanics kept the bus on the road.<\/p><p>After five days, the Helpukraine22.org charity adopted the bus to assist its own wonderful work. It has also been used to deliver Easter eggs to Ukrainian children and to transport supplies of animal feed. Since then, the bus has been refitted as a mobile medical centre and is now helping those most in need deep within war-torn eastern Ukraine.<\/p><p>LifeBook\u2019s intention had only ever been to offer help, but one message we received summed up the impromptu nature of what had taken place and what had been achieved \u2013 \u201cI don\u2019t know exactly who you guys are, but what you\u2019re doing is amazing.\u201d Those words apply to everyone who drove in those \u2018little armies\u2019 and to their supporters at home, and LifeBook is proud to have been able to play a part in their inspiring effort.<\/p>\t\t\t\t\t\t\t\t<\/div>\n\t\t\t\t<\/div>\n\t\t\t\t\t<\/div>\n\t\t<\/div>\n\t\t\t\t\t<\/div>\n\t\t<\/section>\n\t\t\t\t<section class=\"elementor-section elementor-top-section elementor-element elementor-element-6421fba elementor-section-boxed elementor-section-height-default elementor-section-height-default\" data-id=\"6421fba\" data-element_type=\"section\">\n\t\t\t\t\t\t<div class=\"elementor-container elementor-column-gap-default\">\n\t\t\t\t\t<div class=\"elementor-column elementor-col-100 elementor-top-column elementor-element elementor-element-d30dcd4\" data-id=\"d30dcd4\" data-element_type=\"column\">\n\t\t\t<div class=\"elementor-widget-wrap elementor-element-populated\">\n\t\t\t\t\t\t<div class=\"elementor-element elementor-element-c17495b elementor-widget-divider--view-line elementor-widget elementor-widget-divider\" data-id=\"c17495b\" data-element_type=\"widget\" data-widget_type=\"divider.default\">\n\t\t\t\t<div class=\"elementor-widget-container\">\n\t\t\t\t\t\t\t<div class=\"elementor-divider\">\n\t\t\t<span class=\"elementor-divider-separator\">\n\t\t\t\t\t\t<\/span>\n\t\t<\/div>\n\t\t\t\t\t\t<\/div>\n\t\t\t\t<\/div>\n\t\t\t\t\t<\/div>\n\t\t<\/div>\n\t\t\t\t\t<\/div>\n\t\t<\/section>\n\t\t\t\t<section class=\"elementor-section elementor-top-section elementor-element elementor-element-4f2609e elementor-section-boxed elementor-section-height-default elementor-section-height-default\" data-id=\"4f2609e\" data-element_type=\"section\">\n\t\t\t\t\t\t<div class=\"elementor-container elementor-column-gap-default\">\n\t\t\t\t\t<div class=\"elementor-column elementor-col-50 elementor-top-column elementor-element elementor-element-8611ce7\" data-id=\"8611ce7\" data-element_type=\"column\">\n\t\t\t<div class=\"elementor-widget-wrap elementor-element-populated\">\n\t\t\t\t\t\t<div class=\"elementor-element elementor-element-7727a05 elementor-widget elementor-widget-image\" data-id=\"7727a05\" data-element_type=\"widget\" data-widget_type=\"image.default\">\n\t\t\t\t<div class=\"elementor-widget-container\">\n\t\t\t\t\t\t\t\t\t\t\t\t\t\t\t<img decoding=\"async\" width=\"150\" height=\"150\" src=\"https:\/\/www.lifebookmemoirs.com\/wp-content\/uploads\/2022\/11\/Steve-Editor-150x150.png\" class=\"attachment-thumbnail size-thumbnail wp-image-10276\" alt=\"\" \/>\t\t\t\t\t\t\t\t\t\t\t\t\t\t\t<\/div>\n\t\t\t\t<\/div>\n\t\t\t\t<div class=\"elementor-element elementor-element-2448bd7 elementor-widget elementor-widget-text-editor\" data-id=\"2448bd7\" data-element_type=\"widget\" data-widget_type=\"text-editor.default\">\n\t\t\t\t<div class=\"elementor-widget-container\">\n\t\t\t\t\t\t\t\t\t<p>Written by Steve Edwards, LifeBook senior editor<\/p>\t\t\t\t\t\t\t\t<\/div>\n\t\t\t\t<\/div>\n\t\t\t\t\t<\/div>\n\t\t<\/div>\n\t\t\t\t<div class=\"elementor-column elementor-col-50 elementor-top-column elementor-element elementor-element-a9f3b1a\" data-id=\"a9f3b1a\" data-element_type=\"column\">\n\t\t\t<div class=\"elementor-widget-wrap\">\n\t\t\t\t\t\t\t<\/div>\n\t\t<\/div>\n\t\t\t\t\t<\/div>\n\t\t<\/section>\n\t\t\t\t<section class=\"elementor-section elementor-top-section elementor-element elementor-element-6e57558 elementor-section-boxed elementor-section-height-default elementor-section-height-default\" data-id=\"6e57558\" data-element_type=\"section\">\n\t\t\t\t\t\t<div class=\"elementor-container elementor-column-gap-default\">\n\t\t\t\t\t<div class=\"elementor-column elementor-col-100 elementor-top-column elementor-element elementor-element-772214b\" data-id=\"772214b\" data-element_type=\"column\">\n\t\t\t<div class=\"elementor-widget-wrap elementor-element-populated\">\n\t\t\t\t\t\t<div class=\"elementor-element elementor-element-3a1e5ec elementor-widget elementor-widget-spacer\" data-id=\"3a1e5ec\" data-element_type=\"widget\" data-widget_type=\"spacer.default\">\n\t\t\t\t<div class=\"elementor-widget-container\">\n\t\t\t\t\t\t\t<div class=\"elementor-spacer\">\n\t\t\t<div class=\"elementor-spacer-inner\"><\/div>\n\t\t<\/div>\n\t\t\t\t\t\t<\/div>\n\t\t\t\t<\/div>\n\t\t\t\t\t<\/div>\n\t\t<\/div>\n\t\t\t\t\t<\/div>\n\t\t<\/section>\n\t\t\t\t<section class=\"elementor-section elementor-top-section elementor-element elementor-element-77717d6 elementor-section-stretched elementor-section-boxed elementor-section-height-default elementor-section-height-default\" data-id=\"77717d6\" data-element_type=\"section\" data-settings=\"{&quot;background_background&quot;:&quot;classic&quot;,&quot;stretch_section&quot;:&quot;section-stretched&quot;}\">\n\t\t\t\t\t\t<div class=\"elementor-container elementor-column-gap-default\">\n\t\t\t\t\t<div class=\"elementor-column elementor-col-100 elementor-top-column elementor-element elementor-element-6446a5d\" data-id=\"6446a5d\" data-element_type=\"column\">\n\t\t\t<div class=\"elementor-widget-wrap elementor-element-populated\">\n\t\t\t\t\t\t<div class=\"elementor-element elementor-element-7b8ac0b elementor-widget elementor-widget-text-editor\" data-id=\"7b8ac0b\" data-element_type=\"widget\" data-widget_type=\"text-editor.default\">\n\t\t\t\t<div class=\"elementor-widget-container\">\n\t\t\t\t\t\t\t\t\t<p>We are here to answer any questions you may have about our private autobiographies.<\/p>\t\t\t\t\t\t\t\t<\/div>\n\t\t\t\t<\/div>\n\t\t\t\t<div class=\"elementor-element elementor-element-40cfa5b elementor-widget elementor-widget-heading\" data-id=\"40cfa5b\" data-element_type=\"widget\" data-widget_type=\"heading.default\">\n\t\t\t\t<div class=\"elementor-widget-container\">\n\t\t\t\t\t<div class=\"elementor-heading-title elementor-size-default\">Here's 3 ways to start the conversation...<\/div>\t\t\t\t<\/div>\n\t\t\t\t<\/div>\n\t\t\t\t\t<\/div>\n\t\t<\/div>\n\t\t\t\t\t<\/div>\n\t\t<\/section>\n\t\t\t\t<section class=\"elementor-section elementor-top-section elementor-element elementor-element-fffea79 elementor-section-stretched elementor-section-boxed elementor-section-height-default elementor-section-height-default\" data-id=\"fffea79\" data-element_type=\"section\" data-settings=\"{&quot;background_background&quot;:&quot;classic&quot;,&quot;stretch_section&quot;:&quot;section-stretched&quot;}\">\n\t\t\t\t\t\t<div class=\"elementor-container elementor-column-gap-default\">\n\t\t\t\t\t<div class=\"elementor-column elementor-col-50 elementor-top-column elementor-element elementor-element-c2d764f\" data-id=\"c2d764f\" data-element_type=\"column\">\n\t\t\t<div class=\"elementor-widget-wrap elementor-element-populated\">\n\t\t\t\t\t\t<div class=\"elementor-element elementor-element-7c3e1a7 elementor-widget elementor-widget-heading\" data-id=\"7c3e1a7\" data-element_type=\"widget\" data-widget_type=\"heading.default\">\n\t\t\t\t<div class=\"elementor-widget-container\">\n\t\t\t\t\t<h4 class=\"elementor-heading-title elementor-size-default\">1. Call now<\/h4>\t\t\t\t<\/div>\n\t\t\t\t<\/div>\n\t\t\t\t<div class=\"elementor-element elementor-element-36798fd elementor-widget elementor-widget-text-editor\" data-id=\"36798fd\" data-element_type=\"widget\" data-widget_type=\"text-editor.default\">\n\t\t\t\t<div class=\"elementor-widget-container\">\n\t\t\t\t\t\t\t\t\t<span class=\"rTapNumber329914 phoneswap\"> +44 (0)330 818 2154<\/span>\t\t\t\t\t\t\t\t<\/div>\n\t\t\t\t<\/div>\n\t\t\t\t<div class=\"elementor-element elementor-element-f933742 elementor-widget elementor-widget-spacer\" data-id=\"f933742\" data-element_type=\"widget\" data-widget_type=\"spacer.default\">\n\t\t\t\t<div class=\"elementor-widget-container\">\n\t\t\t\t\t\t\t<div class=\"elementor-spacer\">\n\t\t\t<div class=\"elementor-spacer-inner\"><\/div>\n\t\t<\/div>\n\t\t\t\t\t\t<\/div>\n\t\t\t\t<\/div>\n\t\t\t\t<div class=\"elementor-element elementor-element-d86d4a1 elementor-widget elementor-widget-heading\" data-id=\"d86d4a1\" data-element_type=\"widget\" data-widget_type=\"heading.default\">\n\t\t\t\t<div class=\"elementor-widget-container\">\n\t\t\t\t\t<h4 class=\"elementor-heading-title elementor-size-default\">2. Book a convenient consultation call<\/h4>\t\t\t\t<\/div>\n\t\t\t\t<\/div>\n\t\t\t\t<div class=\"elementor-element elementor-element-cfd0b75 elementor-align-justify elementor-widget elementor-widget-button\" data-id=\"cfd0b75\" data-element_type=\"widget\" data-widget_type=\"button.default\">\n\t\t\t\t<div class=\"elementor-widget-container\">\n\t\t\t\t\t\t\t\t\t<div class=\"elementor-button-wrapper\">\n\t\t\t\t\t<a class=\"elementor-button elementor-button-link elementor-size-lg\" href=\"https:\/\/www.LifeBooklifebook.com\/cs\/c\/?cta_guid=ef1274c2-c4ee-4e88-8c07-d129acfedb30&#038;signature=AAH58kFAmiI9CYMc1739aHdvddQyg8BRJQ&#038;placement_guid=d7f9ac47-3bf6-46fb-89d2-2052f4ce2d18&#038;click=7a3bfba0-a11b-4870-b9be-0eeef9096f6a&#038;hsutk=846975c6333d77107895b8c1cbc9f87d&#038;canon=https%3A%2F%2Fwww.lifebookmemoirs.com%2Fcontact-us%2F&#038;utm_referrer=https%3A%2F%2Fwww.lifebookmemoirs.com%2F&#038;portal_id=20025783&#038;redirect_url=APefjpHipAzgRgIuh3RIoWWY93tO8kRsQsOGL5BHQCz1K-L2pFnEHvFxCZ2hnJNX7UWfBDJeTkSlbRgaufACRDkrwNikgVHaFUWs0Ko0sjWL1MIxhXlfSbMpjH-9B3NQiTjgAefuTcIbceblXOGQIV9e4TO6hj_Bh99P9xNaCDsvyA1y6oz2LjFSK7MY__HhRA3amq-TmYE7n7eJj7-QHWFqyYu_V1Hf8G7rhanWPTfn4wv-vKqc8MM5SP4Y74B1qaXgk0jR8rz4mkllSRXpra4V26npR5aYZQ&#038;__hstc=56214708.846975c6333d77107895b8c1cbc9f87d.1654540117949.1654551995862.1654567062088.3&#038;__hssc=56214708.2.1654567062088&#038;__hsfp=4076395092\">\n\t\t\t\t\t\t<span class=\"elementor-button-content-wrapper\">\n\t\t\t\t\t\t<span class=\"elementor-button-icon\">\n\t\t\t\t<i aria-hidden=\"true\" class=\"far fa-calendar-alt\"><\/i>\t\t\t<\/span>\n\t\t\t\t\t\t\t\t\t<span class=\"elementor-button-text\">CONSULTATION<\/span>\n\t\t\t\t\t<\/span>\n\t\t\t\t\t<\/a>\n\t\t\t\t<\/div>\n\t\t\t\t\t\t\t\t<\/div>\n\t\t\t\t<\/div>\n\t\t\t\t<div class=\"elementor-element elementor-element-ee6fe43 elementor-widget__width-inherit elementor-fixed elementor-hidden-desktop elementor-hidden-tablet elementor-widget elementor-widget-text-editor\" data-id=\"ee6fe43\" data-element_type=\"widget\" data-settings=\"{&quot;_position&quot;:&quot;fixed&quot;}\" data-widget_type=\"text-editor.default\">\n\t\t\t\t<div class=\"elementor-widget-container\">\n\t\t\t\t\t\t\t\t\t<strong>Call Now <\/strong> <span class=\"rTapNumber329914 phoneswap\"> +44 (0)330 818 2154<\/span>\t\t\t\t\t\t\t\t<\/div>\n\t\t\t\t<\/div>\n\t\t\t\t\t<\/div>\n\t\t<\/div>\n\t\t\t\t<div class=\"elementor-column elementor-col-50 elementor-top-column elementor-element elementor-element-76ca14b\" data-id=\"76ca14b\" data-element_type=\"column\">\n\t\t\t<div class=\"elementor-widget-wrap elementor-element-populated\">\n\t\t\t\t\t\t<div class=\"elementor-element elementor-element-7a64a84 elementor-widget elementor-widget-heading\" data-id=\"7a64a84\" data-element_type=\"widget\" data-widget_type=\"heading.default\">\n\t\t\t\t<div class=\"elementor-widget-container\">\n\t\t\t\t\t<h4 class=\"elementor-heading-title elementor-size-default\">3. Ask a question<\/h4>\t\t\t\t<\/div>\n\t\t\t\t<\/div>\n\t\t\t\t<div class=\"elementor-element elementor-element-a1f4623 elementor-widget elementor-widget-shortcode\" data-id=\"a1f4623\" data-element_type=\"widget\" data-widget_type=\"shortcode.default\">\n\t\t\t\t<div class=\"elementor-widget-container\">\n\t\t\t\t\t\t\t<div class=\"elementor-shortcode\">\n\t\t\t\t\t\t<script>\n\t\t\t\t\t\t\twindow.hsFormsOnReady = window.hsFormsOnReady || [];\n\t\t\t\t\t\t\twindow.hsFormsOnReady.push(()=>{\n\t\t\t\t\t\t\t\thbspt.forms.create({\n\t\t\t\t\t\t\t\t\tportalId: 20025783,\n\t\t\t\t\t\t\t\t\tformId: \"01781dd6-9682-4e4b-be75-48de878d890c\",\n\t\t\t\t\t\t\t\t\ttarget: \"#hbspt-form-1778296814000-9720820417\",\n\t\t\t\t\t\t\t\t\tregion: \"na1\",\n\t\t\t\t\t\t\t\t\t\n\t\t\t\t\t\t\t})});\n\t\t\t\t\t\t<\/script>\n\t\t\t\t\t\t<div class=\"hbspt-form\" id=\"hbspt-form-1778296814000-9720820417\"><\/div>\n\n\n<\/div>\n\t\t\t\t\t\t<\/div>\n\t\t\t\t<\/div>\n\t\t\t\t\t<\/div>\n\t\t<\/div>\n\t\t\t\t\t<\/div>\n\t\t<\/section>\n\t\t\t\t<\/div>\n\t\t","protected":false},"excerpt":{"rendered":"<p>LifeBook Minibus Helping in Ukraine In March 2022, LifeBook sent a minibus to the Polish\/Ukrainian border to deliver supplies and evacuate refugees. In this article, senior editor Steve Edwards describes some of the challenges we encountered and the people we met along the way. \u00a0 Back in February, the world watched aghast as Russia began [&hellip;]<\/p>\n","protected":false},"author":3,"featured_media":0,"parent":0,"menu_order":0,"comment_status":"closed","ping_status":"closed","template":"","meta":{"_acf_changed":false,"_seopress_robots_primary_cat":"","_seopress_titles_title":"","_seopress_titles_desc":"","_seopress_robots_index":"","content-type":"","_metasync_otto_title":"","_metasync_otto_description":"","rank_math_title":"","rank_math_description":"","_yoast_wpseo_title":"","_yoast_wpseo_metadesc":"","footnotes":""},"class_list":["post-10262","page","type-page","status-publish","hentry"],"acf":[],"_links":{"self":[{"href":"https:\/\/www.lifebookmemoirs.com\/en-gb\/wp-json\/wp\/v2\/pages\/10262","targetHints":{"allow":["GET"]}}],"collection":[{"href":"https:\/\/www.lifebookmemoirs.com\/en-gb\/wp-json\/wp\/v2\/pages"}],"about":[{"href":"https:\/\/www.lifebookmemoirs.com\/en-gb\/wp-json\/wp\/v2\/types\/page"}],"author":[{"embeddable":true,"href":"https:\/\/www.lifebookmemoirs.com\/en-gb\/wp-json\/wp\/v2\/users\/3"}],"replies":[{"embeddable":true,"href":"https:\/\/www.lifebookmemoirs.com\/en-gb\/wp-json\/wp\/v2\/comments?post=10262"}],"version-history":[{"count":0,"href":"https:\/\/www.lifebookmemoirs.com\/en-gb\/wp-json\/wp\/v2\/pages\/10262\/revisions"}],"wp:attachment":[{"href":"https:\/\/www.lifebookmemoirs.com\/en-gb\/wp-json\/wp\/v2\/media?parent=10262"}],"curies":[{"name":"wp","href":"https:\/\/api.w.org\/{rel}","templated":true}]}}